{"id":16,"date":"2020-03-10T08:37:50","date_gmt":"2020-03-10T11:37:50","guid":{"rendered":"https:\/\/ecic.ing.uchile.cl\/?page_id=16"},"modified":"2020-06-18T18:46:56","modified_gmt":"2020-06-18T21:46:56","slug":"noticias","status":"publish","type":"page","link":"https:\/\/ecic.ing.uchile.cl\/index.php\/noticias\/","title":{"rendered":"Noticias"},"content":{"rendered":"\n<figure class=\"wp-block-image alignwide size-large is-style-default\"><img loading=\"lazy\" decoding=\"async\" width=\"17833\" height=\"8339\" src=\"https:\/\/ecic.ing.uchile.cl\/wp-content\/uploads\/2020\/06\/Banner-Noticias.jpg\" alt=\"\" class=\"wp-image-201\"\/><\/figure>\n\n\n\n<figure class=\"wp-block-image alignwide size-large is-style-default\"><a href=\"http:\/\/ingcivil.uchile.cl\/noticias\/162318\/ecic-reprogramaciones-y-planes-de-contingencia\" target=\"_blank\" rel=\"noopener noreferrer\"><img loading=\"lazy\" decoding=\"async\" width=\"17833\" height=\"8339\" src=\"https:\/\/ecic.ing.uchile.cl\/wp-content\/uploads\/2020\/06\/Banner-Reprogramaci\u00f3n.jpg\" alt=\"\" class=\"wp-image-211\"\/><\/a><\/figure>\n\n\n\n<figure class=\"wp-block-image alignwide size-large is-style-default\"><a href=\"http:\/\/ingcivil.uchile.cl\/noticias\/162319\/se-dio-inicio-al-diplomado-en-ingenieria-geotecnica\" target=\"_blank\" rel=\"noopener noreferrer\"><img loading=\"lazy\" decoding=\"async\" width=\"17833\" height=\"8333\" src=\"https:\/\/ecic.ing.uchile.cl\/wp-content\/uploads\/2020\/06\/Banner-DIG.jpg\" alt=\"\" class=\"wp-image-203\"\/><\/a><\/figure>\n\n\n\n<hr class=\"wp-block-separator\"\/>\n\n\n\n<div class=\"wp-block-image\"><figure class=\"aligncenter size-large\"><a href=\"http:\/\/ingenieria.uchile.cl\/cursos\/89851\/diploma-de-postitulo-contaminacion-de-aguas\" target=\"_blank\" rel=\"noreferrer noopener\"><img loading=\"lazy\" decoding=\"async\" width=\"1024\" height=\"791\" src=\"https:\/\/ecic.ing.uchile.cl\/wp-content\/uploads\/2020\/06\/Diplomado-en-Contaminaci\u00f3n-de-Aguas-Descuentos-1024x791.jpg\" alt=\"\" class=\"wp-image-204\" srcset=\"https:\/\/ecic.ing.uchile.cl\/wp-content\/uploads\/2020\/06\/Diplomado-en-Contaminaci\u00f3n-de-Aguas-Descuentos-1024x791.jpg 1024w, https:\/\/ecic.ing.uchile.cl\/wp-content\/uploads\/2020\/06\/Diplomado-en-Contaminaci\u00f3n-de-Aguas-Descuentos-300x232.jpg 300w, https:\/\/ecic.ing.uchile.cl\/wp-content\/uploads\/2020\/06\/Diplomado-en-Contaminaci\u00f3n-de-Aguas-Descuentos-768x593.jpg 768w, https:\/\/ecic.ing.uchile.cl\/wp-content\/uploads\/2020\/06\/Diplomado-en-Contaminaci\u00f3n-de-Aguas-Descuentos-1536x1187.jpg 1536w, https:\/\/ecic.ing.uchile.cl\/wp-content\/uploads\/2020\/06\/Diplomado-en-Contaminaci\u00f3n-de-Aguas-Descuentos-2048x1583.jpg 2048w, https:\/\/ecic.ing.uchile.cl\/wp-content\/uploads\/2020\/06\/Diplomado-en-Contaminaci\u00f3n-de-Aguas-Descuentos-1200x927.jpg 1200w, https:\/\/ecic.ing.uchile.cl\/wp-content\/uploads\/2020\/06\/Diplomado-en-Contaminaci\u00f3n-de-Aguas-Descuentos-1980x1530.jpg 1980w\" sizes=\"auto, (max-width: 1024px) 100vw, 1024px\" \/><\/a><\/figure><\/div>\n\n\n\n<h6 class=\"has-text-color has-text-align-center wp-block-heading\" style=\"color:#545d69\">DI PLOMADO 100% ONLINE<\/h6>\n\n\n\n<div class=\"wp-block-button aligncenter\"><a class=\"wp-block-button__link has-background\" href=\"http:\/\/ingenieria.uchile.cl\/cursos\/89851\/diploma-de-postitulo-contaminacion-de-aguas\" style=\"background-color:#c3360e\" target=\"_blank\" rel=\"noreferrer noopener\">VER M\u00c1S<\/a><\/div>\n\n\n\n<figure class=\"wp-block-image size-large is-style-default\"><img loading=\"lazy\" decoding=\"async\" width=\"1024\" height=\"791\" src=\"https:\/\/ecic.ing.uchile.cl\/wp-content\/uploads\/2020\/06\/Diplomado-en-Manejo-de-Residuos-S\u00f3lidos-1024x791.jpg\" alt=\"\" class=\"wp-image-205\" srcset=\"https:\/\/ecic.ing.uchile.cl\/wp-content\/uploads\/2020\/06\/Diplomado-en-Manejo-de-Residuos-S\u00f3lidos-1024x791.jpg 1024w, https:\/\/ecic.ing.uchile.cl\/wp-content\/uploads\/2020\/06\/Diplomado-en-Manejo-de-Residuos-S\u00f3lidos-300x232.jpg 300w, https:\/\/ecic.ing.uchile.cl\/wp-content\/uploads\/2020\/06\/Diplomado-en-Manejo-de-Residuos-S\u00f3lidos-768x593.jpg 768w, https:\/\/ecic.ing.uchile.cl\/wp-content\/uploads\/2020\/06\/Diplomado-en-Manejo-de-Residuos-S\u00f3lidos-1536x1187.jpg 1536w, https:\/\/ecic.ing.uchile.cl\/wp-content\/uploads\/2020\/06\/Diplomado-en-Manejo-de-Residuos-S\u00f3lidos-2048x1583.jpg 2048w, https:\/\/ecic.ing.uchile.cl\/wp-content\/uploads\/2020\/06\/Diplomado-en-Manejo-de-Residuos-S\u00f3lidos-1200x927.jpg 1200w, https:\/\/ecic.ing.uchile.cl\/wp-content\/uploads\/2020\/06\/Diplomado-en-Manejo-de-Residuos-S\u00f3lidos-1980x1530.jpg 1980w\" sizes=\"auto, (max-width: 1024px) 100vw, 1024px\" \/><\/figure>\n\n\n\n<h6 class=\"has-text-color has-text-align-center wp-block-heading\" style=\"color:#545d69\">di plomado 100% ONLINE<br><\/h6>\n\n\n\n<div class=\"wp-block-buttons aligncenter is-layout-flex wp-block-buttons-is-layout-flex\">\n<div class=\"wp-block-button\"><a class=\"wp-block-button__link has-background\" style=\"background-color:#c3360e\">VER M\u00c1S<\/a><\/div>\n<\/div>\n\n\n\n<figure class=\"wp-block-image size-large\"><a href=\"http:\/\/ingenieria.uchile.cl\/cursos\/98327\/diploma-direccion-de-proyectos-en-ingenieria-y-construccion\" target=\"_blank\" rel=\"noreferrer noopener\"><img loading=\"lazy\" decoding=\"async\" width=\"1024\" height=\"791\" src=\"https:\/\/ecic.ing.uchile.cl\/wp-content\/uploads\/2020\/04\/DPIC-100-Online-1024x791.jpg\" alt=\"\" class=\"wp-image-187\" srcset=\"https:\/\/ecic.ing.uchile.cl\/wp-content\/uploads\/2020\/04\/DPIC-100-Online-1024x791.jpg 1024w, https:\/\/ecic.ing.uchile.cl\/wp-content\/uploads\/2020\/04\/DPIC-100-Online-300x232.jpg 300w, https:\/\/ecic.ing.uchile.cl\/wp-content\/uploads\/2020\/04\/DPIC-100-Online-768x593.jpg 768w, https:\/\/ecic.ing.uchile.cl\/wp-content\/uploads\/2020\/04\/DPIC-100-Online-1536x1187.jpg 1536w, https:\/\/ecic.ing.uchile.cl\/wp-content\/uploads\/2020\/04\/DPIC-100-Online-2048x1583.jpg 2048w, https:\/\/ecic.ing.uchile.cl\/wp-content\/uploads\/2020\/04\/DPIC-100-Online-1200x927.jpg 1200w, https:\/\/ecic.ing.uchile.cl\/wp-content\/uploads\/2020\/04\/DPIC-100-Online-1980x1530.jpg 1980w\" sizes=\"auto, (max-width: 1024px) 100vw, 1024px\" \/><\/a><\/figure>\n\n\n\n<h6 class=\"has-text-color has-text-align-center wp-block-heading\" style=\"color:#545d69\">100% ONLINE<\/h6>\n\n\n\n<div class=\"wp-block-button aligncenter\"><a class=\"wp-block-button__link has-background\" href=\"http:\/\/ingenieria.uchile.cl\/cursos\/98327\/diploma-direccion-de-proyectos-en-ingenieria-y-construccion\" style=\"background-color:#c3360e\" target=\"_blank\" rel=\"noreferrer noopener\">VER M\u00c1S<\/a><\/div>\n\n\n\n<hr class=\"wp-block-separator\"\/>\n\n\n\n<figure class=\"wp-block-image size-large is-style-default\"><a href=\"http:\/\/ingenieria.uchile.cl\/cursos\/163862\/curso-de-especializacion-industrializacion-en-la-construccion\" target=\"_blank\" rel=\"noopener noreferrer\"><img loading=\"lazy\" decoding=\"async\" width=\"1024\" height=\"791\" src=\"https:\/\/ecic.ing.uchile.cl\/wp-content\/uploads\/2020\/06\/Curso-Industrializaci\u00f3n-Portada-01-1024x791.jpg\" alt=\"\" class=\"wp-image-207\" srcset=\"https:\/\/ecic.ing.uchile.cl\/wp-content\/uploads\/2020\/06\/Curso-Industrializaci\u00f3n-Portada-01-1024x791.jpg 1024w, https:\/\/ecic.ing.uchile.cl\/wp-content\/uploads\/2020\/06\/Curso-Industrializaci\u00f3n-Portada-01-300x232.jpg 300w, https:\/\/ecic.ing.uchile.cl\/wp-content\/uploads\/2020\/06\/Curso-Industrializaci\u00f3n-Portada-01-768x593.jpg 768w, https:\/\/ecic.ing.uchile.cl\/wp-content\/uploads\/2020\/06\/Curso-Industrializaci\u00f3n-Portada-01-1536x1187.jpg 1536w, https:\/\/ecic.ing.uchile.cl\/wp-content\/uploads\/2020\/06\/Curso-Industrializaci\u00f3n-Portada-01-2048x1583.jpg 2048w, https:\/\/ecic.ing.uchile.cl\/wp-content\/uploads\/2020\/06\/Curso-Industrializaci\u00f3n-Portada-01-1200x927.jpg 1200w, https:\/\/ecic.ing.uchile.cl\/wp-content\/uploads\/2020\/06\/Curso-Industrializaci\u00f3n-Portada-01-1980x1530.jpg 1980w\" sizes=\"auto, (max-width: 1024px) 100vw, 1024px\" \/><\/a><\/figure>\n\n\n\n<h6 class=\"has-text-color has-text-align-center wp-block-heading\" style=\"color:#545d69\">nuevo curso | 100% online<\/h6>\n\n\n\n<div class=\"wp-block-buttons aligncenter is-layout-flex wp-block-buttons-is-layout-flex\">\n<div class=\"wp-block-button\"><a class=\"wp-block-button__link has-background\" href=\"http:\/\/ingenieria.uchile.cl\/cursos\/163862\/curso-de-especializacion-industrializacion-en-la-construccion\" style=\"background-color:#c3360e\" target=\"_blank\" rel=\"noreferrer noopener\">VER M\u00c1S<\/a><\/div>\n<\/div>\n\n\n\n<figure class=\"wp-block-image size-large is-style-default\"><a href=\"http:\/\/ingenieria.uchile.cl\/cursos\/157519\/curso-de-especializacion-bim-para-ingenieros\" target=\"_blank\" rel=\"noopener noreferrer\"><img loading=\"lazy\" decoding=\"async\" width=\"1024\" height=\"791\" src=\"https:\/\/ecic.ing.uchile.cl\/wp-content\/uploads\/2020\/06\/BIM-\u00daltimos-Cupos-1024x791.jpg\" alt=\"\" class=\"wp-image-206\" srcset=\"https:\/\/ecic.ing.uchile.cl\/wp-content\/uploads\/2020\/06\/BIM-\u00daltimos-Cupos-1024x791.jpg 1024w, https:\/\/ecic.ing.uchile.cl\/wp-content\/uploads\/2020\/06\/BIM-\u00daltimos-Cupos-300x232.jpg 300w, https:\/\/ecic.ing.uchile.cl\/wp-content\/uploads\/2020\/06\/BIM-\u00daltimos-Cupos-768x593.jpg 768w, https:\/\/ecic.ing.uchile.cl\/wp-content\/uploads\/2020\/06\/BIM-\u00daltimos-Cupos-1536x1187.jpg 1536w, https:\/\/ecic.ing.uchile.cl\/wp-content\/uploads\/2020\/06\/BIM-\u00daltimos-Cupos-2048x1583.jpg 2048w, https:\/\/ecic.ing.uchile.cl\/wp-content\/uploads\/2020\/06\/BIM-\u00daltimos-Cupos-1200x927.jpg 1200w, https:\/\/ecic.ing.uchile.cl\/wp-content\/uploads\/2020\/06\/BIM-\u00daltimos-Cupos-1980x1530.jpg 1980w\" sizes=\"auto, (max-width: 1024px) 100vw, 1024px\" \/><\/a><\/figure>\n\n\n\n<h6 class=\"has-text-color has-text-align-center wp-block-heading\" style=\"color:#545d69\">versi\u00f3n adicional | agosto 202<\/h6>\n\n\n\n<div class=\"wp-block-buttons aligncenter is-layout-flex wp-block-buttons-is-layout-flex\">\n<div class=\"wp-block-button\"><a class=\"wp-block-button__link has-background\" href=\"http:\/\/ingenieria.uchile.cl\/cursos\/157519\/curso-de-especializacion-bim-para-ingenieros\" style=\"background-color:#c3360e\" target=\"_blank\" rel=\"noreferrer noopener\">VER M\u00c1S<\/a><\/div>\n<\/div>\n\n\n\n<figure class=\"wp-block-image size-large is-style-default\"><a href=\"http:\/\/ingenieria.uchile.cl\/cursos\/132798\/curso-direccion-de-proyectos-de-ingenieria\" target=\"_blank\" rel=\"noopener noreferrer\"><img loading=\"lazy\" decoding=\"async\" width=\"1024\" height=\"791\" src=\"https:\/\/ecic.ing.uchile.cl\/wp-content\/uploads\/2020\/05\/Proyectos-100-Online-1024x791.jpg\" alt=\"\" class=\"wp-image-192\" srcset=\"https:\/\/ecic.ing.uchile.cl\/wp-content\/uploads\/2020\/05\/Proyectos-100-Online-1024x791.jpg 1024w, https:\/\/ecic.ing.uchile.cl\/wp-content\/uploads\/2020\/05\/Proyectos-100-Online-300x232.jpg 300w, https:\/\/ecic.ing.uchile.cl\/wp-content\/uploads\/2020\/05\/Proyectos-100-Online-768x593.jpg 768w, https:\/\/ecic.ing.uchile.cl\/wp-content\/uploads\/2020\/05\/Proyectos-100-Online-1536x1187.jpg 1536w, https:\/\/ecic.ing.uchile.cl\/wp-content\/uploads\/2020\/05\/Proyectos-100-Online-2048x1583.jpg 2048w, https:\/\/ecic.ing.uchile.cl\/wp-content\/uploads\/2020\/05\/Proyectos-100-Online-1200x927.jpg 1200w, https:\/\/ecic.ing.uchile.cl\/wp-content\/uploads\/2020\/05\/Proyectos-100-Online-1980x1530.jpg 1980w\" sizes=\"auto, (max-width: 1024px) 100vw, 1024px\" \/><\/a><\/figure>\n\n\n\n<h6 class=\"has-text-color has-text-align-center wp-block-heading\" style=\"color:#545d69\">fecha L\u00cdMITE DE INSCRIPCI\u00d3N: 19 DE JUNIO<\/h6>\n\n\n\n<div class=\"wp-block-buttons aligncenter is-layout-flex wp-block-buttons-is-layout-flex\">\n<div class=\"wp-block-button\"><a class=\"wp-block-button__link has-background\" href=\"http:\/\/ingenieria.uchile.cl\/cursos\/132798\/curso-direccion-de-proyectos-de-ingenieria\" style=\"background-color:#c3360e\" target=\"_blank\" rel=\"noreferrer noopener\">ver m\u00e1s<\/a><\/div>\n<\/div>\n\n\n\n<p><\/p>\n","protected":false},"excerpt":{"rendered":"<p>DI PLOMADO 100% ONLINE di plomado 100% ONLINE 100% ONLINE nuevo curso | 100% online versi\u00f3n adicional | agosto 202 fecha L\u00cdMITE DE INSCRIPCI\u00d3N: 19 DE JUNIO<\/p>\n","protected":false},"author":2,"featured_media":0,"parent":0,"menu_order":0,"comment_status":"closed","ping_status":"closed","template":"","meta":{"footnotes":""},"class_list":["post-16","page","type-page","status-publish","hentry"],"_links":{"self":[{"href":"https:\/\/ecic.ing.uchile.cl\/index.php\/wp-json\/wp\/v2\/pages\/16","targetHints":{"allow":["GET"]}}],"collection":[{"href":"https:\/\/ecic.ing.uchile.cl\/index.php\/wp-json\/wp\/v2\/pages"}],"about":[{"href":"https:\/\/ecic.ing.uchile.cl\/index.php\/wp-json\/wp\/v2\/types\/page"}],"author":[{"embeddable":true,"href":"https:\/\/ecic.ing.uchile.cl\/index.php\/wp-json\/wp\/v2\/users\/2"}],"replies":[{"embeddable":true,"href":"https:\/\/ecic.ing.uchile.cl\/index.php\/wp-json\/wp\/v2\/comments?post=16"}],"version-history":[{"count":27,"href":"https:\/\/ecic.ing.uchile.cl\/index.php\/wp-json\/wp\/v2\/pages\/16\/revisions"}],"predecessor-version":[{"id":212,"href":"https:\/\/ecic.ing.uchile.cl\/index.php\/wp-json\/wp\/v2\/pages\/16\/revisions\/212"}],"wp:attachment":[{"href":"https:\/\/ecic.ing.uchile.cl\/index.php\/wp-json\/wp\/v2\/media?parent=16"}],"curies":[{"name":"wp","href":"https:\/\/api.w.org\/{rel}","templated":true}]}}